{"id":906,"date":"2021-03-22T17:24:20","date_gmt":"2021-03-22T08:24:20","guid":{"rendered":"http:\/\/mitglied.japanischeschulekoeln.de\/?page_id=906"},"modified":"2021-03-22T17:24:58","modified_gmt":"2021-03-22T08:24:58","slug":"impressum","status":"publish","type":"page","link":"http:\/\/mitglied.japanischeschulekoeln.de\/de\/impressum","title":{"rendered":"Impressum"},"content":{"rendered":"<h5>Japanische Schule K\u00f6ln e.V.<br \/>\n\u30b1\u30eb\u30f3\u65e5\u672c\u8a9e\u88dc\u7fd2\u6388\u696d\u6821<\/h5>\n<p>c\/o Katharina-Henroth-Gesamtschule<br \/>\nN\u00fcrnberger Stra\u00dfe 10<br \/>\n51103 K\u00f6ln<br \/>\n&nbsp;<\/p>\n<h5>Kontakt:<\/h5>\n<p>info@japanischeschulekoeln.de<br \/>\n&nbsp;<\/p>\n<h5>Vertreten durch:<\/h5>\n<p>den 1. Vorsitzenden Rikako Ingwer<br \/>\nund den Vereinsvorstand<br \/>\n&nbsp;<\/p>\n<h5>Registereintrag:<\/h5>\n<p>Eingetragen im Vereinsregister.<br \/>\nRegistergericht: Amtsgericht K\u00f6ln<br \/>\nRegisternummer: VR 12622<\/p>\n","protected":false},"excerpt":{"rendered":"<p>Japanische Schule K\u00f6ln e.V. \u30b1\u30eb\u30f3\u65e5\u672c\u8a9e\u88dc\u7fd2\u6388\u696d\u6821 c\/o Katharina-Henroth-Gesamtschule N\u00fcrnberger Stra\u00dfe 10 51103 K\u00f6ln &nbsp; Kontakt: info@japanischeschulekoeln.de &nbsp; Vertreten durch: den 1. Vorsitzenden Rikako Ingwer und den Vereinsvorstand &nbsp; Registereintrag: Eingetragen im Vereinsregister. Registergericht: Amtsgericht K\u00f6ln Registernummer: VR 12622<\/p>\n","protected":false},"author":1,"featured_media":0,"parent":0,"menu_order":0,"comment_status":"closed","ping_status":"closed","template":"","meta":[],"_links":{"self":[{"href":"http:\/\/mitglied.japanischeschulekoeln.de\/de\/wp-json\/wp\/v2\/pages\/906"}],"collection":[{"href":"http:\/\/mitglied.japanischeschulekoeln.de\/de\/wp-json\/wp\/v2\/pages"}],"about":[{"href":"http:\/\/mitglied.japanischeschulekoeln.de\/de\/wp-json\/wp\/v2\/types\/page"}],"author":[{"embeddable":true,"href":"http:\/\/mitglied.japanischeschulekoeln.de\/de\/wp-json\/wp\/v2\/users\/1"}],"replies":[{"embeddable":true,"href":"http:\/\/mitglied.japanischeschulekoeln.de\/de\/wp-json\/wp\/v2\/comments?post=906"}],"version-history":[{"count":1,"href":"http:\/\/mitglied.japanischeschulekoeln.de\/de\/wp-json\/wp\/v2\/pages\/906\/revisions"}],"predecessor-version":[{"id":907,"href":"http:\/\/mitglied.japanischeschulekoeln.de\/de\/wp-json\/wp\/v2\/pages\/906\/revisions\/907"}],"wp:attachment":[{"href":"http:\/\/mitglied.japanischeschulekoeln.de\/de\/wp-json\/wp\/v2\/media?parent=906"}],"curies":[{"name":"wp","href":"https:\/\/api.w.org\/{rel}","templated":true}]}}