{"id":998,"date":"2022-02-21T06:05:59","date_gmt":"2022-02-20T21:05:59","guid":{"rendered":"http:\/\/mitglied.japanischeschulekoeln.de\/?page_id=998"},"modified":"2022-02-21T06:07:49","modified_gmt":"2022-02-20T21:07:49","slug":"datenschut","status":"publish","type":"page","link":"http:\/\/mitglied.japanischeschulekoeln.de\/de\/datenschut","title":{"rendered":"Datenschutz"},"content":{"rendered":"<p><strong>Datenschutzerkl\u00e4rung<\/strong><\/p>\n<p><strong>Verantwortlich f\u00fcr die Datenverarbeitung<\/strong><\/p>\n<p>&nbsp;<\/p>\n<p>Verantwortlicher gem. Art. 4 Nr. 7 EU-Datenschutz-Grundverordnung (EU-DSGVO) ist<\/p>\n<p>Japanische Schule K\u00f6ln e.V.<\/p>\n<p>c\/o Katharina-Henroth-Gesamtschule<\/p>\n<p>N\u00fcrnberger Stra\u00dfe 10<\/p>\n<p>51103 K\u00f6ln<\/p>\n<p>Email: info@japanischeschulekoeln.de<\/p>\n<p>&nbsp;<\/p>\n<p>&nbsp;<\/p>\n<p><strong>Ihre Rechte als Nutzer<\/strong><\/p>\n<p>&nbsp;<\/p>\n<p>Sie haben nach Ma\u00dfgabe der Artikel 15, 16, 17, 18 und 21 EU-DSGVO gegen\u00fcber uns folgende Rechte hinsichtlich der Sie betreffenden personenbezogenen Daten:<\/p>\n<ul>\n<li>Recht auf Auskunft,<\/li>\n<li>Recht auf Berichtigung oder L\u00f6schung,<\/li>\n<li>Recht auf Einschr\u00e4nkung der Verarbeitung,<\/li>\n<li>Recht auf Widerspruch gegen die Verarbeitung,<\/li>\n<li>Recht auf Daten\u00fcbertragbarkeit.<\/li>\n<\/ul>\n<p>&nbsp;<\/p>\n<p>Diese Rechte k\u00f6nnen gegen\u00fcber dem Japanische Schule K\u00f6ln e.V. unter der oben in der Rubrik \u201eVerantwortlicher\u201c genannten Adresse geltend gemacht werden.<\/p>\n<p>Wenn Sie der Auffassung sind, dass eine Verarbeitung Ihrer personenbezogenen Daten gegen Datenschutzrecht verst\u00f6\u00dft, haben Sie das Recht, sich bei der zust\u00e4ndigen Aufsichtsbeh\u00f6rde zu beschweren, die Sie unter folgenden Kontaktdaten erreichen k\u00f6nnen:<\/p>\n<p>&nbsp;<\/p>\n<p>Landesbeauftragte f\u00fcr Datenschutz und Informationsfreiheit<\/p>\n<p>Nordrhein-Westfalen<\/p>\n<p>Postfach 20 04 44<\/p>\n<p>40102 D\u00fcsseldorf<\/p>\n<p>Tel.: 0211\/38424-0<\/p>\n<p>Fax: 0211\/38424-10<\/p>\n<p>E-Mail: poststelle@ldi.nrw.de<\/p>\n<p>&nbsp;<\/p>\n<p><strong>Hinweise zur Datenverarbeitung <\/strong><\/p>\n<p>(1)\u00a0\u00a0\u00a0\u00a0\u00a0\u00a0\u00a0 Bei dem Aufruf unserer Website werden personenbezogene Daten erhoben. Dies ist aus technischen Gr\u00fcnden erforderlich, um Ihnen unsere Website anzuzeigen und die Stabilit\u00e4t und Sicherheit zu gew\u00e4hrleisten. Rechtsgrundlage ist Art. 6 Abs. 1 S. 1 lit. e, Abs. 3 EU-DSGVO in Verbindung mit \u00a7 3 Abs. 1 Datenschutzgesetz Nordrhein-Westfalen (DSG NRW).<\/p>\n<p>Das Internetangebot wird bei 1&amp;1 gehostet. Bei jedem Zugriff auf Inhalte des Internetangebotes werden dort personenbezogene Daten empfangen und vor\u00fcbergehend bis zu 8 Wochen \u00fcber sogenannte Protokoll- oder Log-Dateien gespeichert.<\/p>\n<p>Die folgenden Daten werden bei jedem Aufruf der Internetseite erhoben:<\/p>\n<p>\uf0b7 IP-Adresse und Hostname<\/p>\n<p>\uf0b7 Datum und Uhrzeit des Abrufs<\/p>\n<p>\uf0b7 Herkunftslink bzw. -URL<\/p>\n<p>\uf0b7 Browser<\/p>\n<p>\uf0b7 Betriebssystem<\/p>\n<p>\uf0b7 verwendete\u00a0Suchmaschine\u00a0inklusive genutzter Keywords<\/p>\n<p>\uf0b7 Verweildauer<\/p>\n<p>\uf0b7 Anzahl aufgerufener Seiten<\/p>\n<p>\uf0b7 zuletzt ge\u00f6ffnete Seite vor dem Verlassen der Website<\/p>\n<p>&nbsp;<\/p>\n<p>Wir weisen darauf hin, dass Betreiber von fremden Internetseiten, die vom Portal aus verlinkt werden, die Daten von Besucherinnen bzw. Besuchern dieser Internetseiten erheben und auswerten k\u00f6nnen.<\/p>\n<p>&nbsp;<\/p>\n<p>(2)\u00a0\u00a0\u00a0\u00a0\u00a0\u00a0\u00a0 Bei Ihrer Kontaktaufnahme mit uns per E-Mail oder \u00fcber ein Kontaktformular m\u00fcssen die von Ihnen freiwillig mitgeteilten Daten (Ihre E-Mail-Adresse, ggf. Ihr Name und Ihre Telefonnummer) gespeichert werden, um Ihrem Anliegen entgegen kommen zu k\u00f6nnen.<\/p>\n<p>Rechtsgrundlage ist Art. 6 Abs. 1 S. 1 lit. e, Abs. 3 EU-DSGVO in Verbindung mit \u00a7 3 Abs. 1 Datenschutzgesetz Nordrhein-Westfalen (DSG NRW).<\/p>\n<p>Die von Ihnen eingegebenen pers\u00f6nlichen Daten verwenden wir nur zu dem von Ihnen gew\u00fcnschten Zweck. Die in diesem Zusammenhang anfallenden Daten l\u00f6schen wir, nachdem die Speicherung nicht mehr erforderlich ist.<\/p>\n<p>&nbsp;<\/p>\n<p><strong>Nutzung von Cookies\u00a0\u00a0 <\/strong><\/p>\n<p>Die Webseite verwendet das Cookie \u201ecomplianz_policy_id\u201c um die Zustimmung zur Verwendung von Cookies bis zu einer Woche lang zu speichern.<\/p>\n<p>Au\u00dferdem wird das Cookie \u201eqtrans_front_language\u201c verwendet um die vom Benutzer gew\u00e4hlte Sprache f\u00fcr die Dauer von einem Jahr zu speichern.<\/p>\n<p>Mit dem Cookie \u201eswpm_session\u201c wird f\u00fcr die Dauer einer Sitzung der Login-Zustand des Besuchers gespeichert.<\/p>\n<p>Das Homepage-Angebot verwendet sogenannte \u201eCookies\u201c. Bei Cookies handelt es sich um kleine Textdateien, die auf Ihrem Rechner abgelegt werden und die Ihr Browser speichert. Diese dienen dazu, unser Angebot f\u00fcr Sie nutzerfreundlicher und effektiver zu machen. Rechtsgrundlage ist \u00a0Art. 6 Abs. 1 S. 1 lit. e, Abs. 3 EU-DSGVO in Verbindung mit \u00a7 3 Abs. 1 Datenschutzgesetz Nordrhein-Westfalen (DSG NRW).<\/p>\n<p>Sie k\u00f6nnen die Verwendung von Cookies dadurch unterbinden, indem Sie Ihren Internetbrowser so einstellen, dass dieser keine Cookies akzeptiert. Sie k\u00f6nnen in Ihrem Browser aber auch festlegen, ob Sie \u00fcber das Setzen von Cookies informiert werden m\u00f6chten und Cookies nur im Einzelfall erlauben, ob Sie die Annahme von Cookies f\u00fcr bestimmte F\u00e4lle oder eben auch generell ausschlie\u00dfen. Au\u00dferdem k\u00f6nnen Sie das automatische L\u00f6schen der Cookies beim Schlie\u00dfen des Browser aktivieren. Wie man das macht, h\u00e4ngt von Ihrem Browser ab.<\/p>\n<p>Beim erstmaligen Besuch des Internetangebotes bzw. einer Seite werden Sie automatisch auf die\u00a0 Cookie-Nutzung hingewiesen.<\/p>\n<p>&nbsp;<\/p>\n","protected":false},"excerpt":{"rendered":"<p>Datenschutzerkl\u00e4rung Verantwortlich f\u00fcr die Datenverarbeitung &nbsp; Verantwortlicher gem. Art. 4 Nr. 7 EU-Datenschutz-Grundverordnung (EU-DSGVO) ist Japanische Schule K\u00f6ln e.V. c\/o Katharina-Henroth-Gesamtschule N\u00fcrnberger Stra\u00dfe 10 51103 K\u00f6ln Email: info@japanischeschulekoeln.de &nbsp; &nbsp; Ihre Rechte als Nutzer &nbsp; Sie haben nach Ma\u00dfgabe der<\/p>\n","protected":false},"author":155,"featured_media":0,"parent":0,"menu_order":0,"comment_status":"closed","ping_status":"closed","template":"","meta":[],"_links":{"self":[{"href":"http:\/\/mitglied.japanischeschulekoeln.de\/de\/wp-json\/wp\/v2\/pages\/998"}],"collection":[{"href":"http:\/\/mitglied.japanischeschulekoeln.de\/de\/wp-json\/wp\/v2\/pages"}],"about":[{"href":"http:\/\/mitglied.japanischeschulekoeln.de\/de\/wp-json\/wp\/v2\/types\/page"}],"author":[{"embeddable":true,"href":"http:\/\/mitglied.japanischeschulekoeln.de\/de\/wp-json\/wp\/v2\/users\/155"}],"replies":[{"embeddable":true,"href":"http:\/\/mitglied.japanischeschulekoeln.de\/de\/wp-json\/wp\/v2\/comments?post=998"}],"version-history":[{"count":4,"href":"http:\/\/mitglied.japanischeschulekoeln.de\/de\/wp-json\/wp\/v2\/pages\/998\/revisions"}],"predecessor-version":[{"id":1003,"href":"http:\/\/mitglied.japanischeschulekoeln.de\/de\/wp-json\/wp\/v2\/pages\/998\/revisions\/1003"}],"wp:attachment":[{"href":"http:\/\/mitglied.japanischeschulekoeln.de\/de\/wp-json\/wp\/v2\/media?parent=998"}],"curies":[{"name":"wp","href":"https:\/\/api.w.org\/{rel}","templated":true}]}}